{"id":65,"date":"2020-09-03T07:50:23","date_gmt":"2020-09-03T07:50:23","guid":{"rendered":"http:\/\/house55.tirol.37-252-188-67.kapelari.com\/?page_id=65"},"modified":"2021-06-02T13:49:57","modified_gmt":"2021-06-02T11:49:57","slug":"anreise","status":"publish","type":"page","link":"https:\/\/house55soelden.com\/de\/anreise\/","title":{"rendered":"Anreise"},"content":{"rendered":"\n<p><strong>Wo ein Wunsch, da ein Weg.<\/strong><\/p>\n\n\n\n<p>Autobahnausfahrt \u00d6tztal, dann weiter auf der \u00d6tztalstra\u00dfe B186 bis S\u00f6lden. Nach der Gaislachkogl Talstation links abbiegen Richtung Wohlfahrtstra\u00dfe, Stra\u00dfe weiter folgen und nach der Br\u00fccke links abbiegen. Der Strasse bis zur n\u00e4chsten kleinen Br\u00fccke folgen und VOR der Br\u00fccke links abbiegen. Links halten und schon sehen sie die 55 vor sich.<\/p>\n\n\n\n<p>Die Ortsteile in S\u00f6lden werden in Buchstaben eingeteilt, wodurch du einfach und schnell dein Appartement finden kannst.<br>Um zu uns zu kommen, folge bitte im Zentrum von S\u00f6lden dem Schild \u201eG\u201c und du kommst direkt zum House 55, welches sich auf der rechten Stra\u00dfenseite befindet. Nach der 2. Br\u00fccke in den Hof fahren. <\/p>\n","protected":false},"excerpt":{"rendered":"<p>Wo ein Wunsch, da ein Weg. Autobahnausfahrt \u00d6tztal, dann weiter auf der \u00d6tztalstra\u00dfe B186 bis S\u00f6lden. Nach der Gaislachkogl Talstation links abbiegen Richtung Wohlfahrtstra\u00dfe, Stra\u00dfe weiter folgen und nach der Br\u00fccke links abbiegen. Der Strasse bis zur n\u00e4chsten kleinen Br\u00fccke folgen und VOR der Br\u00fccke links abbiegen. Links halten und schon sehen sie die 55 [&hellip;]<\/p>\n","protected":false},"author":1,"featured_media":0,"parent":0,"menu_order":0,"comment_status":"closed","ping_status":"closed","template":"","meta":{"footnotes":""},"yoast_head":"<!-- This site is optimized with the Yoast SEO plugin v24.5 - https:\/\/yoast.com\/wordpress\/plugins\/seo\/ -->\n<title>Anreise &#8902; House 55<\/title>\n<meta name=\"robots\" content=\"index, follow, max-snippet:-1, max-image-preview:large, max-video-preview:-1\" \/>\n<link rel=\"canonical\" href=\"https:\/\/house55soelden.com\/de\/anreise\/\" \/>\n<meta property=\"og:locale\" content=\"de_DE\" \/>\n<meta property=\"og:type\" content=\"article\" \/>\n<meta property=\"og:title\" content=\"Anreise &#8902; House 55\" \/>\n<meta property=\"og:description\" content=\"Wo ein Wunsch, da ein Weg. Autobahnausfahrt \u00d6tztal, dann weiter auf der \u00d6tztalstra\u00dfe B186 bis S\u00f6lden. Nach der Gaislachkogl Talstation links abbiegen Richtung Wohlfahrtstra\u00dfe, Stra\u00dfe weiter folgen und nach der Br\u00fccke links abbiegen. Der Strasse bis zur n\u00e4chsten kleinen Br\u00fccke folgen und VOR der Br\u00fccke links abbiegen. Links halten und schon sehen sie die 55 [&hellip;]\" \/>\n<meta property=\"og:url\" content=\"https:\/\/house55soelden.com\/de\/anreise\/\" \/>\n<meta property=\"og:site_name\" content=\"House 55\" \/>\n<meta property=\"article:publisher\" content=\"https:\/\/www.facebook.com\/FamilieFerdinandFiegl\" \/>\n<meta property=\"article:modified_time\" content=\"2021-06-02T11:49:57+00:00\" \/>\n<meta name=\"twitter:card\" content=\"summary_large_image\" \/>\n<meta name=\"twitter:label1\" content=\"Gesch\u00e4tzte Lesezeit\" \/>\n\t<meta name=\"twitter:data1\" content=\"1\u00a0Minute\" \/>\n<script type=\"application\/ld+json\" class=\"yoast-schema-graph\">{\"@context\":\"https:\/\/schema.org\",\"@graph\":[{\"@type\":\"WebPage\",\"@id\":\"https:\/\/house55soelden.com\/de\/anreise\/\",\"url\":\"https:\/\/house55soelden.com\/de\/anreise\/\",\"name\":\"Anreise &#8902; House 55\",\"isPartOf\":{\"@id\":\"https:\/\/house55soelden.com\/de\/#website\"},\"datePublished\":\"2020-09-03T07:50:23+00:00\",\"dateModified\":\"2021-06-02T11:49:57+00:00\",\"breadcrumb\":{\"@id\":\"https:\/\/house55soelden.com\/de\/anreise\/#breadcrumb\"},\"inLanguage\":\"de\",\"potentialAction\":[{\"@type\":\"ReadAction\",\"target\":[\"https:\/\/house55soelden.com\/de\/anreise\/\"]}]},{\"@type\":\"BreadcrumbList\",\"@id\":\"https:\/\/house55soelden.com\/de\/anreise\/#breadcrumb\",\"itemListElement\":[{\"@type\":\"ListItem\",\"position\":1,\"name\":\"Startseite\",\"item\":\"https:\/\/house55soelden.com\/de\/\"},{\"@type\":\"ListItem\",\"position\":2,\"name\":\"Anreise\"}]},{\"@type\":\"WebSite\",\"@id\":\"https:\/\/house55soelden.com\/de\/#website\",\"url\":\"https:\/\/house55soelden.com\/de\/\",\"name\":\"House 55\",\"description\":\"Ihr Ort zum Wohlf\u00fchlen\",\"publisher\":{\"@id\":\"https:\/\/house55soelden.com\/de\/#organization\"},\"potentialAction\":[{\"@type\":\"SearchAction\",\"target\":{\"@type\":\"EntryPoint\",\"urlTemplate\":\"https:\/\/house55soelden.com\/de\/?s={search_term_string}\"},\"query-input\":{\"@type\":\"PropertyValueSpecification\",\"valueRequired\":true,\"valueName\":\"search_term_string\"}}],\"inLanguage\":\"de\"},{\"@type\":\"Organization\",\"@id\":\"https:\/\/house55soelden.com\/de\/#organization\",\"name\":\"House 55\",\"url\":\"https:\/\/house55soelden.com\/de\/\",\"logo\":{\"@type\":\"ImageObject\",\"inLanguage\":\"de\",\"@id\":\"https:\/\/house55soelden.com\/de\/#\/schema\/logo\/image\/\",\"url\":\"https:\/\/house55soelden.com\/wp-content\/uploads\/2020\/10\/cropped-logo-house-no55.png\",\"contentUrl\":\"https:\/\/house55soelden.com\/wp-content\/uploads\/2020\/10\/cropped-logo-house-no55.png\",\"width\":512,\"height\":512,\"caption\":\"House 55\"},\"image\":{\"@id\":\"https:\/\/house55soelden.com\/de\/#\/schema\/logo\/image\/\"},\"sameAs\":[\"https:\/\/www.facebook.com\/FamilieFerdinandFiegl\",\"https:\/\/www.instagram.com\/house_55_soelden\/\"]}]}<\/script>\n<!-- \/ Yoast SEO plugin. -->","yoast_head_json":{"title":"Anreise &#8902; House 55","robots":{"index":"index","follow":"follow","max-snippet":"max-snippet:-1","max-image-preview":"max-image-preview:large","max-video-preview":"max-video-preview:-1"},"canonical":"https:\/\/house55soelden.com\/de\/anreise\/","og_locale":"de_DE","og_type":"article","og_title":"Anreise &#8902; House 55","og_description":"Wo ein Wunsch, da ein Weg. Autobahnausfahrt \u00d6tztal, dann weiter auf der \u00d6tztalstra\u00dfe B186 bis S\u00f6lden. Nach der Gaislachkogl Talstation links abbiegen Richtung Wohlfahrtstra\u00dfe, Stra\u00dfe weiter folgen und nach der Br\u00fccke links abbiegen. Der Strasse bis zur n\u00e4chsten kleinen Br\u00fccke folgen und VOR der Br\u00fccke links abbiegen. Links halten und schon sehen sie die 55 [&hellip;]","og_url":"https:\/\/house55soelden.com\/de\/anreise\/","og_site_name":"House 55","article_publisher":"https:\/\/www.facebook.com\/FamilieFerdinandFiegl","article_modified_time":"2021-06-02T11:49:57+00:00","twitter_card":"summary_large_image","twitter_misc":{"Gesch\u00e4tzte Lesezeit":"1\u00a0Minute"},"schema":{"@context":"https:\/\/schema.org","@graph":[{"@type":"WebPage","@id":"https:\/\/house55soelden.com\/de\/anreise\/","url":"https:\/\/house55soelden.com\/de\/anreise\/","name":"Anreise &#8902; House 55","isPartOf":{"@id":"https:\/\/house55soelden.com\/de\/#website"},"datePublished":"2020-09-03T07:50:23+00:00","dateModified":"2021-06-02T11:49:57+00:00","breadcrumb":{"@id":"https:\/\/house55soelden.com\/de\/anreise\/#breadcrumb"},"inLanguage":"de","potentialAction":[{"@type":"ReadAction","target":["https:\/\/house55soelden.com\/de\/anreise\/"]}]},{"@type":"BreadcrumbList","@id":"https:\/\/house55soelden.com\/de\/anreise\/#breadcrumb","itemListElement":[{"@type":"ListItem","position":1,"name":"Startseite","item":"https:\/\/house55soelden.com\/de\/"},{"@type":"ListItem","position":2,"name":"Anreise"}]},{"@type":"WebSite","@id":"https:\/\/house55soelden.com\/de\/#website","url":"https:\/\/house55soelden.com\/de\/","name":"House 55","description":"Ihr Ort zum Wohlf\u00fchlen","publisher":{"@id":"https:\/\/house55soelden.com\/de\/#organization"},"potentialAction":[{"@type":"SearchAction","target":{"@type":"EntryPoint","urlTemplate":"https:\/\/house55soelden.com\/de\/?s={search_term_string}"},"query-input":{"@type":"PropertyValueSpecification","valueRequired":true,"valueName":"search_term_string"}}],"inLanguage":"de"},{"@type":"Organization","@id":"https:\/\/house55soelden.com\/de\/#organization","name":"House 55","url":"https:\/\/house55soelden.com\/de\/","logo":{"@type":"ImageObject","inLanguage":"de","@id":"https:\/\/house55soelden.com\/de\/#\/schema\/logo\/image\/","url":"https:\/\/house55soelden.com\/wp-content\/uploads\/2020\/10\/cropped-logo-house-no55.png","contentUrl":"https:\/\/house55soelden.com\/wp-content\/uploads\/2020\/10\/cropped-logo-house-no55.png","width":512,"height":512,"caption":"House 55"},"image":{"@id":"https:\/\/house55soelden.com\/de\/#\/schema\/logo\/image\/"},"sameAs":["https:\/\/www.facebook.com\/FamilieFerdinandFiegl","https:\/\/www.instagram.com\/house_55_soelden\/"]}]}},"_links":{"self":[{"href":"https:\/\/house55soelden.com\/de\/wp-json\/wp\/v2\/pages\/65"}],"collection":[{"href":"https:\/\/house55soelden.com\/de\/wp-json\/wp\/v2\/pages"}],"about":[{"href":"https:\/\/house55soelden.com\/de\/wp-json\/wp\/v2\/types\/page"}],"author":[{"embeddable":true,"href":"https:\/\/house55soelden.com\/de\/wp-json\/wp\/v2\/users\/1"}],"replies":[{"embeddable":true,"href":"https:\/\/house55soelden.com\/de\/wp-json\/wp\/v2\/comments?post=65"}],"version-history":[{"count":11,"href":"https:\/\/house55soelden.com\/de\/wp-json\/wp\/v2\/pages\/65\/revisions"}],"predecessor-version":[{"id":1085,"href":"https:\/\/house55soelden.com\/de\/wp-json\/wp\/v2\/pages\/65\/revisions\/1085"}],"wp:attachment":[{"href":"https:\/\/house55soelden.com\/de\/wp-json\/wp\/v2\/media?parent=65"}],"curies":[{"name":"wp","href":"https:\/\/api.w.org\/{rel}","templated":true}]}}