{"id":75,"date":"2020-09-03T07:51:36","date_gmt":"2020-09-03T07:51:36","guid":{"rendered":"http:\/\/house55.tirol.37-252-188-67.kapelari.com\/?page_id=75"},"modified":"2021-05-10T15:58:33","modified_gmt":"2021-05-10T13:58:33","slug":"datenschutz","status":"publish","type":"page","link":"https:\/\/house55soelden.com\/de\/datenschutz\/","title":{"rendered":"Datenschutz"},"content":{"rendered":"<h1>Datenschutzvereinbarungen<\/h1><p><p>In dieser Datenschutzerkl\u00e4rung informieren wir Sie \u00fcber die Verarbeitung Ihrer personenbezogenen Daten.<\/p><p> Sofern Sie Ihre Datenschutzeinstellungen \u00e4ndern m\u00f6chten (Einwilligungen erteilen oder bereits erteilte Einwilligungen widerrufen), klicken Sie <a target=\"_blank\" href=\"#\" class=\"sp-dsgvo-show-privacy-popup\">hier<\/a> um Ihre Einstellungen zu \u00e4ndern.<\/p><h2>Verantwortlich<\/h2><p>Ferdinand Fiegl, Oberwindaustra\u00dfe 55, A-6450 S\u00f6lden, \u00d6sterreich, <a href=\"mailto:info@house55soelden.com\">info@house55soelden.com <\/a>, + 43 (0) 6769491272<\/p><h2>Datenschutzbeauftragter<\/h2><p><p>Unseren Datenschutzbeauftragten erreichen Sie unter:<\/p>z.&nbsp;Hd. Ferdinand Fiegl, <br \/>Oberwindaustra\u00dfe 55 <br \/>A-6450 S\u00f6lden <br \/>Telefon: + 43 (0) 6769491272 <br \/>E-Mail-Adresse: <a href=\"mailto:info@house55soelden.com\">info@house55soelden.com <\/a> <br \/><\/p><h2>Hosting<\/h2><p><strong>Dienst:<\/strong> IPAX OG<br \/><strong>Anbieter:<\/strong> IPAX OG, Barawitzkagasse 10\/2\/2\/11, 1190 Wien, \u00d6sterreich<br \/><strong>Datenschutzerkl\u00e4rung:<\/strong> Link zur Datenschutzerkl\u00e4rung<br \/><strong>Privacy Shield:<\/strong> Link Privacy Shield (nur bei Diensten aus USA notwendig)<br \/><\/p><h2>Kontaktformular<\/h2><p><p>Auf unserer Website besteht die M\u00f6glichkeit, durch ein Kontaktformular direkt mit uns in Kontakt zu treten. Nach Absenden des Kontaktformulars erfolgt eine Verarbeitung der von Ihnen eingegebenen personenbezogenen Daten durch den Verantwortlichen zum Zweck der Bearbeitung Ihrer Anfrage auf Grundlage der von Ihnen durch das Absenden des Formulars erteilten Einwilligung gem. Art. 6 Abs. 1 lit. a DSGVO bis auf Widerruf.<br \/>Es besteht keine gesetzliche oder vertragliche Verpflichtung zur Bereitstellung der personenbezogenen Daten. Die Nichtbereitstellung hat lediglich zur Folge, dass Sie Ihr Anliegen nicht \u00fcbermitteln und wir dieses nicht bearbeiten k\u00f6nnen.<\/p><\/p><h2>Web-Schriften<\/h2><h3>Adobe Fonts<\/h3><p><p>Wir verarbeiten mit unserem Auftragsverarbeiter <a target=\"_blank\" href=\"\/\/fonts.adobe.com\/\">Adobe Fonts<\/a>, Adobe Systems Software Ireland Limited, Citywest Business Campus, Dublin 24, Irland, Verbindungsdaten und Browserdaten zum Zweck der Bereitstellung der vom Webbrowser zur Anzeige der Website ben\u00f6tigten Schriftarten. Diese Daten werden nur f\u00fcr die zur Auswahl und \u00dcbermittlung der Schriftarten ben\u00f6tigte Dauer verarbeitet.<\/p><p>Die Rechtsgrundlage f\u00fcr die Datenverarbeitung ist das berechtigte Interesse (unbedingte technische Notwendigkeit zur Bereitstellung und Auslieferung des von Ihnen durch Ihren Aufruf ausdr\u00fccklich gew\u00fcnschten Dienstes &#8220;Website&#8221;) gem\u00e4\u00df Art. 6 Abs. 1 lit. f DSGVO.<\/p><p>Soweit durch Adobe Fonts eine weitergehende eigenst\u00e4ndige Verarbeitung der Daten erfolgt, ist Adobe Fonts daf\u00fcr alleinige Verantwortliche. Details finden Sie in der <a target=\"_blank\" href=\"https:\/\/www.adobe.com\/de\/privacy.html\">Datenschutzerkl\u00e4rung<\/a> von Adobe Fonts.<\/p><\/p><h2>Embeddings<\/h2><h3>Google Maps<\/h3><p><p>Im Fall der Erteilung Ihrer Einwilligung verarbeiten wir mit dem Dienst <a target=\"_blank\" href=\"https:\/\/www.google.at\/maps\">Google Maps<\/a>, Google LLC, Amphitheatre Parkway, Mountain View, CA 94043, USA, als gemeinsame Verantwortliche Ihre personenbezogenen Daten zum Zweck der Anzeige interaktiver Karten auf unserer Website.<\/p><p>Wir erm\u00f6glichen dem Dienst die Erhebung von Verbindungsdaten, die Erhebung von Daten ihres Webbrowsers sowie die Platzierung eines Werbecookies. Durch die Platzierung von Werbecookies ist es Google m\u00f6glich, f\u00fcr jeden Nutzer eine individuelle User-ID zu berechnen. Diese zur eindeutigen Identifizierung geeigneten personenbezogenen Daten werden sodann im Rahmen des von Google betriebenen Werbenetzwerks verarbeitet.<\/p><p>Soweit durch Google eine weitergehende eigenst\u00e4ndige Verarbeitung der Daten insbesondere im Rahmen des Werbenetzwerkes von Google erfolgt, ist Google daf\u00fcr alleinige Verantwortliche. Details finden Sie in der <a target=\"_blank\" href=\"https:\/\/policies.google.com\/privacy?gl=AT&amp;hl=de#intro\">Datenschutzerkl\u00e4rung<\/a> von Google.<\/p><p>Die Nichterteilung der Einwilligung hat lediglich zur Folge, dass Ihnen der Dienst Google Maps nicht zur Verf\u00fcgung gestellt wird. Eine bereits erteilte Einwilligung k\u00f6nnen Sie widerrufen, indem Sie die <a target=\"_blank\" class=\"lwb-ppsp\" href=\"#\" title=\"Datenschutzeinstellungen\">Datenschutzeinstellungen<\/a> \u00e4ndern.<\/p><p>Die Rechtsgrundlage f\u00fcr die Datenverarbeitung ist Ihre Einwilligung gem\u00e4\u00df Art. 6 Abs 1 lit. a DSGVO.<\/p> <p>Der Google Konzern \u00fcbermittelt Ihre personenbezogenen Daten in die USA. Die Rechtsgrundlage f\u00fcr die Daten\u00fcbermittlung in die USA ist Ihre Einwilligung gem\u00e4\u00df Art. 49 Abs 1 lit a iVm Art. 6 Abs 1 lit a DSGVO in Verbindung mit \u00a725 TTDSG. Sie wurden bereits vor Erteilung Ihrer Einwilligung informiert, dass die USA \u00fcber kein den Standards der EU entsprechendes Datenschutzniveau verf\u00fcgt. Insbesondere k\u00f6nnen US Geheimdienste auf Ihre Daten zugreifen, ohne dass Sie dar\u00fcber informiert werden und ohne dass Sie dagegen rechtlich vorgehen k\u00f6nnen. Der Europ\u00e4ische Gerichtshof hat aus diesem Grund in einem Urteil den fr\u00fcheren Angemessenheitsbeschluss (Privacy Shield) f\u00fcr ung\u00fcltig erkl\u00e4rt.<\/p><\/p><h3>Instagram<\/h3><p><p>Im Fall der Erteilung Ihrer Einwilligung verarbeiten wir mit dem Dienst <a target=\"_blank\" href=\"https:\/\/www.facebook.com\/business\/help\/742478679120153?id=1205376682832142\">Instagram<\/a>, Meta Platforms Ireland Ltd., 4 Grand Canal Square, Grand Canal Harbour, Dublin 2, Irland, als gemeinsame Verantwortliche Ihre personenbezogenen Daten zum Zweck der Bereitstellung von Instagram-Diensten auf unserer Website.<\/p><p>Wir erm\u00f6glichen dem Dienst die Erhebung von Verbindungsdaten, die Erhebung von Daten ihres Webbrowsers sowie die Platzierung von Werbecookies. Durch die Platzierung von Werbecookies ist es Facebook m\u00f6glich, f\u00fcr jeden Nutzer eine individuelle User-ID zu berechnen. Diese zur eindeutigen Identifizierung geeigneten personenbezogenen Daten werden sodann im Rahmen des von Facebook betriebenen Werbenetzwerks verarbeitet.<\/p><p>Der Facebook Konzern \u00fcbermittelt Ihre personenbezogenen Daten in die USA. Die Rechtsgrundlage f\u00fcr die Daten\u00fcbermittlung in die USA ist Ihre Einwilligung gem\u00e4\u00df Art. 49 Abs 1 lit a iVm Art. 6 Abs 1 lit a DSGVO in Verbindung mit \u00a725 TTDSG. Sie wurden bereits vor Erteilung Ihrer Einwilligung informiert, dass die USA \u00fcber kein den Standards der EU entsprechendes Datenschutzniveau verf\u00fcgt. Insbesondere k\u00f6nnen US Geheimdienste auf Ihre Daten zugreifen, ohne dass Sie dar\u00fcber informiert werden und ohne dass Sie dagegen rechtlich vorgehen k\u00f6nnen. Der Europ\u00e4ische Gerichtshof hat aus diesem Grund in einem Urteil den fr\u00fcheren Angemessenheitsbeschluss (Privacy Shield) f\u00fcr ung\u00fcltig erkl\u00e4rt.<\/p><p>Soweit durch Facebook eine weitergehende eigenst\u00e4ndige Verarbeitung der Daten insbesondere im Rahmen des Werbenetzwerkes von Facebook erfolgt, ist Facebook daf\u00fcr alleinige Verantwortliche. Details finden Sie in der <a target=\"_blank\" href=\"https:\/\/www.facebook.com\/privacy\/explanation\">Datenschutzerkl\u00e4rung<\/a> von Facebook.<\/p><p>Die Nichterteilung der Einwilligung hat lediglich zur Folge, dass Ihnen die Dienste von Facebook nicht zur Verf\u00fcgung gestellt wird. Eine bereits erteilte Einwilligung k\u00f6nnen Sie widerrufen, indem Sie die <a target=\"_blank\" class=\"lwb-ppsp\" href=\"#\" title=\"Datenschutzeinstellungen\">Datenschutzeinstellungen<\/a> \u00e4ndern.<\/p><p>Die Rechtsgrundlage f\u00fcr die Datenverarbeitung ist Ihre Einwilligung gem\u00e4\u00df Art. 6 Abs 1 lit. a DSGVO.<\/p><\/p><h2>Widerspruchsrecht<\/h2><p><p>Sofern die Verarbeitung Ihrer personenbezogenen Daten auf Grundlage des berechtigten Interesses erfolgt, haben Sie das Recht gegen diese Verarbeitung zu widersprechen.<\/p><p>Sofern keine zwingenden schutzw\u00fcrdigen Gr\u00fcnde f\u00fcr die Verarbeitung unsererseits vorliegen, wird die Verarbeitung Ihrer Daten auf Basis dieser Rechtsgrundlage eingestellt.<\/p><p>Zudem haben Sie das Recht, der Verarbeitung Ihrer personenbezogenen Daten zum Zweck der Direktwerbung zu widersprechen. Im Fall des Widerspruchs werden Ihre personenbezogenen Daten nicht mehr zum Zweck der Direktwerbung verarbeitet.<\/p><p>Die Rechtm\u00e4\u00dfigkeit der bis zum Widerspruch verarbeiteten Daten wird durch den Widerspruch nicht ber\u00fchrt.<\/p><\/p><h2>Widerrufsrecht<\/h2><p><p>Sie haben das Recht eine bereits erteilte Einwilligung jederzeit zu widerrufen, indem Sie die <a target=\"_blank\" class=\"lwb-ppsp\" href=\"#\" title=\"Datenschutzeinstellungen\">Datenschutzeinstellungen<\/a> \u00e4ndern.<\/p><p>Im Fall der Einwilligung in den Erhalt elektronischer Werbung kann der Widerruf Ihrer Einwilligung durch Klick auf den Abmeldelink erfolgen. In diesem Fall wird eine Verarbeitung, sofern keine andere Rechtsgrundlage besteht, eingestellt.<\/p><p>Die Rechtm\u00e4\u00dfigkeit der bis zum Widerruf verarbeiteten Daten wird durch den Widerruf nicht ber\u00fchrt.<\/p><\/p><h2>Betroffenenrechte<\/h2><p><p>Sie haben zudem das Recht auf Auskunft, Berichtigung, L\u00f6schung und Einschr\u00e4nkung der Verarbeitung der personenbezogenen Daten.<\/p><p>Soweit die Rechtsgrundlage der Verarbeitung Ihrer personenbezogenen Daten in Ihrer Einwilligung oder in einem mit Ihnen abgeschlossenen Vertrag besteht, haben Sie \u00fcberdies das Recht auf Daten\u00fcbertragbarkeit. <\/p><p>Weiters haben Sie das Recht auf Beschwerde bei der Aufsichtsbeh\u00f6rde. N\u00e4here Informationen zu den Aufsichtsbeh\u00f6rden in der Europ\u00e4ischen Union finden Sie <a target=\"_blank\" href=\"https:\/\/ec.europa.eu\/justice\/article-29\/structure\/data-protection-authorities\/index_en.htm\" title=\"Datenschutzbeh\u00f6rden\">hier<\/a>.<\/p><\/p>\n","protected":false},"excerpt":{"rendered":"","protected":false},"author":1,"featured_media":0,"parent":0,"menu_order":0,"comment_status":"closed","ping_status":"closed","template":"","meta":{"footnotes":""},"yoast_head":"<!-- This site is optimized with the Yoast SEO plugin v24.5 - https:\/\/yoast.com\/wordpress\/plugins\/seo\/ -->\n<title>Datenschutz &#8902; House 55<\/title>\n<meta name=\"robots\" content=\"index, follow, max-snippet:-1, max-image-preview:large, max-video-preview:-1\" \/>\n<link rel=\"canonical\" href=\"https:\/\/house55soelden.com\/de\/datenschutz\/\" \/>\n<meta property=\"og:locale\" content=\"de_DE\" \/>\n<meta property=\"og:type\" content=\"article\" \/>\n<meta property=\"og:title\" content=\"Datenschutz &#8902; House 55\" \/>\n<meta property=\"og:url\" content=\"https:\/\/house55soelden.com\/de\/datenschutz\/\" \/>\n<meta property=\"og:site_name\" content=\"House 55\" \/>\n<meta property=\"article:publisher\" content=\"https:\/\/www.facebook.com\/FamilieFerdinandFiegl\" \/>\n<meta property=\"article:modified_time\" content=\"2021-05-10T13:58:33+00:00\" \/>\n<meta name=\"twitter:card\" content=\"summary_large_image\" \/>\n<script type=\"application\/ld+json\" class=\"yoast-schema-graph\">{\"@context\":\"https:\/\/schema.org\",\"@graph\":[{\"@type\":\"WebPage\",\"@id\":\"https:\/\/house55soelden.com\/de\/datenschutz\/\",\"url\":\"https:\/\/house55soelden.com\/de\/datenschutz\/\",\"name\":\"Datenschutz &#8902; House 55\",\"isPartOf\":{\"@id\":\"https:\/\/house55soelden.com\/de\/#website\"},\"datePublished\":\"2020-09-03T07:51:36+00:00\",\"dateModified\":\"2021-05-10T13:58:33+00:00\",\"breadcrumb\":{\"@id\":\"https:\/\/house55soelden.com\/de\/datenschutz\/#breadcrumb\"},\"inLanguage\":\"de\",\"potentialAction\":[{\"@type\":\"ReadAction\",\"target\":[\"https:\/\/house55soelden.com\/de\/datenschutz\/\"]}]},{\"@type\":\"BreadcrumbList\",\"@id\":\"https:\/\/house55soelden.com\/de\/datenschutz\/#breadcrumb\",\"itemListElement\":[{\"@type\":\"ListItem\",\"position\":1,\"name\":\"Startseite\",\"item\":\"https:\/\/house55soelden.com\/de\/\"},{\"@type\":\"ListItem\",\"position\":2,\"name\":\"Datenschutz\"}]},{\"@type\":\"WebSite\",\"@id\":\"https:\/\/house55soelden.com\/de\/#website\",\"url\":\"https:\/\/house55soelden.com\/de\/\",\"name\":\"House 55\",\"description\":\"Ihr Ort zum Wohlf\u00fchlen\",\"publisher\":{\"@id\":\"https:\/\/house55soelden.com\/de\/#organization\"},\"potentialAction\":[{\"@type\":\"SearchAction\",\"target\":{\"@type\":\"EntryPoint\",\"urlTemplate\":\"https:\/\/house55soelden.com\/de\/?s={search_term_string}\"},\"query-input\":{\"@type\":\"PropertyValueSpecification\",\"valueRequired\":true,\"valueName\":\"search_term_string\"}}],\"inLanguage\":\"de\"},{\"@type\":\"Organization\",\"@id\":\"https:\/\/house55soelden.com\/de\/#organization\",\"name\":\"House 55\",\"url\":\"https:\/\/house55soelden.com\/de\/\",\"logo\":{\"@type\":\"ImageObject\",\"inLanguage\":\"de\",\"@id\":\"https:\/\/house55soelden.com\/de\/#\/schema\/logo\/image\/\",\"url\":\"https:\/\/house55soelden.com\/wp-content\/uploads\/2020\/10\/cropped-logo-house-no55.png\",\"contentUrl\":\"https:\/\/house55soelden.com\/wp-content\/uploads\/2020\/10\/cropped-logo-house-no55.png\",\"width\":512,\"height\":512,\"caption\":\"House 55\"},\"image\":{\"@id\":\"https:\/\/house55soelden.com\/de\/#\/schema\/logo\/image\/\"},\"sameAs\":[\"https:\/\/www.facebook.com\/FamilieFerdinandFiegl\",\"https:\/\/www.instagram.com\/house_55_soelden\/\"]}]}<\/script>\n<!-- \/ Yoast SEO plugin. -->","yoast_head_json":{"title":"Datenschutz &#8902; House 55","robots":{"index":"index","follow":"follow","max-snippet":"max-snippet:-1","max-image-preview":"max-image-preview:large","max-video-preview":"max-video-preview:-1"},"canonical":"https:\/\/house55soelden.com\/de\/datenschutz\/","og_locale":"de_DE","og_type":"article","og_title":"Datenschutz &#8902; House 55","og_url":"https:\/\/house55soelden.com\/de\/datenschutz\/","og_site_name":"House 55","article_publisher":"https:\/\/www.facebook.com\/FamilieFerdinandFiegl","article_modified_time":"2021-05-10T13:58:33+00:00","twitter_card":"summary_large_image","schema":{"@context":"https:\/\/schema.org","@graph":[{"@type":"WebPage","@id":"https:\/\/house55soelden.com\/de\/datenschutz\/","url":"https:\/\/house55soelden.com\/de\/datenschutz\/","name":"Datenschutz &#8902; House 55","isPartOf":{"@id":"https:\/\/house55soelden.com\/de\/#website"},"datePublished":"2020-09-03T07:51:36+00:00","dateModified":"2021-05-10T13:58:33+00:00","breadcrumb":{"@id":"https:\/\/house55soelden.com\/de\/datenschutz\/#breadcrumb"},"inLanguage":"de","potentialAction":[{"@type":"ReadAction","target":["https:\/\/house55soelden.com\/de\/datenschutz\/"]}]},{"@type":"BreadcrumbList","@id":"https:\/\/house55soelden.com\/de\/datenschutz\/#breadcrumb","itemListElement":[{"@type":"ListItem","position":1,"name":"Startseite","item":"https:\/\/house55soelden.com\/de\/"},{"@type":"ListItem","position":2,"name":"Datenschutz"}]},{"@type":"WebSite","@id":"https:\/\/house55soelden.com\/de\/#website","url":"https:\/\/house55soelden.com\/de\/","name":"House 55","description":"Ihr Ort zum Wohlf\u00fchlen","publisher":{"@id":"https:\/\/house55soelden.com\/de\/#organization"},"potentialAction":[{"@type":"SearchAction","target":{"@type":"EntryPoint","urlTemplate":"https:\/\/house55soelden.com\/de\/?s={search_term_string}"},"query-input":{"@type":"PropertyValueSpecification","valueRequired":true,"valueName":"search_term_string"}}],"inLanguage":"de"},{"@type":"Organization","@id":"https:\/\/house55soelden.com\/de\/#organization","name":"House 55","url":"https:\/\/house55soelden.com\/de\/","logo":{"@type":"ImageObject","inLanguage":"de","@id":"https:\/\/house55soelden.com\/de\/#\/schema\/logo\/image\/","url":"https:\/\/house55soelden.com\/wp-content\/uploads\/2020\/10\/cropped-logo-house-no55.png","contentUrl":"https:\/\/house55soelden.com\/wp-content\/uploads\/2020\/10\/cropped-logo-house-no55.png","width":512,"height":512,"caption":"House 55"},"image":{"@id":"https:\/\/house55soelden.com\/de\/#\/schema\/logo\/image\/"},"sameAs":["https:\/\/www.facebook.com\/FamilieFerdinandFiegl","https:\/\/www.instagram.com\/house_55_soelden\/"]}]}},"_links":{"self":[{"href":"https:\/\/house55soelden.com\/de\/wp-json\/wp\/v2\/pages\/75"}],"collection":[{"href":"https:\/\/house55soelden.com\/de\/wp-json\/wp\/v2\/pages"}],"about":[{"href":"https:\/\/house55soelden.com\/de\/wp-json\/wp\/v2\/types\/page"}],"author":[{"embeddable":true,"href":"https:\/\/house55soelden.com\/de\/wp-json\/wp\/v2\/users\/1"}],"replies":[{"embeddable":true,"href":"https:\/\/house55soelden.com\/de\/wp-json\/wp\/v2\/comments?post=75"}],"version-history":[{"count":8,"href":"https:\/\/house55soelden.com\/de\/wp-json\/wp\/v2\/pages\/75\/revisions"}],"predecessor-version":[{"id":1596,"href":"https:\/\/house55soelden.com\/de\/wp-json\/wp\/v2\/pages\/75\/revisions\/1596"}],"wp:attachment":[{"href":"https:\/\/house55soelden.com\/de\/wp-json\/wp\/v2\/media?parent=75"}],"curies":[{"name":"wp","href":"https:\/\/api.w.org\/{rel}","templated":true}]}}